{"id":34,"date":"2025-11-30T18:21:42","date_gmt":"2025-11-30T18:21:42","guid":{"rendered":"https:\/\/luxurymanorportugal.com\/fr\/investimento\/"},"modified":"2026-01-18T21:33:50","modified_gmt":"2026-01-18T21:33:50","slug":"investissement","status":"publish","type":"page","link":"https:\/\/luxurymanorportugal.com\/fr\/investissement\/","title":{"rendered":"Investissement"},"content":{"rendered":"\t\t<div data-elementor-type=\"wp-page\" data-elementor-id=\"34\" class=\"elementor elementor-34\" data-elementor-post-type=\"page\">\n\t\t\t\t\t\t<section class=\"elementor-section elementor-top-section elementor-element elementor-element-107dac90 elementor-section-content-middle elementor-section-full_width elementor-section-height-default elementor-section-height-default\" data-id=\"107dac90\" data-element_type=\"section\" data-e-type=\"section\" data-settings=\"{&quot;background_background&quot;:&quot;classic&quot;,&quot;animation&quot;:&quot;none&quot;}\">\n\t\t\t\t\t\t\t<div class=\"elementor-background-overlay\"><\/div>\n\t\t\t\t\t\t\t<div class=\"elementor-container elementor-column-gap-default\">\n\t\t\t\t\t<div class=\"elementor-column elementor-col-100 elementor-top-column elementor-element elementor-element-7a936699\" data-id=\"7a936699\" data-element_type=\"column\" data-e-type=\"column\">\n\t\t\t<div class=\"elementor-widget-wrap elementor-element-populated\">\n\t\t\t\t\t\t<div class=\"elementor-element elementor-element-42e7ecbe elementor-widget elementor-widget-heading\" data-id=\"42e7ecbe\" data-element_type=\"widget\" data-e-type=\"widget\" data-widget_type=\"heading.default\">\n\t\t\t\t\t<p class=\"elementor-heading-title elementor-size-default\">Portugal \u2022 Historic Manor \u2022 Exclusive<\/p>\t\t\t\t<\/div>\n\t\t\t\t<div class=\"elementor-element elementor-element-2e60d10a elementor-widget elementor-widget-heading\" data-id=\"2e60d10a\" data-element_type=\"widget\" data-e-type=\"widget\" data-widget_type=\"heading.default\">\n\t\t\t\t\t<h1 class=\"elementor-heading-title elementor-size-default\">Investissement<\/h1>\t\t\t\t<\/div>\n\t\t\t\t\t<\/div>\n\t\t<\/div>\n\t\t\t\t\t<\/div>\n\t\t<\/section>\n\t\t\t\t<section class=\"elementor-section elementor-top-section elementor-element elementor-element-7d1572ca elementor-hidden-mobile elementor-section-boxed elementor-section-height-default elementor-section-height-default\" data-id=\"7d1572ca\" data-element_type=\"section\" data-e-type=\"section\">\n\t\t\t\t\t\t<div class=\"elementor-container elementor-column-gap-default\">\n\t\t\t\t\t<div class=\"elementor-column elementor-col-100 elementor-top-column elementor-element elementor-element-ea0dddd\" data-id=\"ea0dddd\" data-element_type=\"column\" data-e-type=\"column\">\n\t\t\t<div class=\"elementor-widget-wrap elementor-element-populated\">\n\t\t\t\t\t\t<div class=\"elementor-element elementor-element-47530086 elementor-widget elementor-widget-spacer\" data-id=\"47530086\" data-element_type=\"widget\" data-e-type=\"widget\" data-widget_type=\"spacer.default\">\n\t\t\t\t\t\t\t<div class=\"elementor-spacer\">\n\t\t\t<div class=\"elementor-spacer-inner\"><\/div>\n\t\t<\/div>\n\t\t\t\t\t\t<\/div>\n\t\t\t\t\t<\/div>\n\t\t<\/div>\n\t\t\t\t\t<\/div>\n\t\t<\/section>\n\t\t\t\t<section class=\"elementor-section elementor-top-section elementor-element elementor-element-886018f elementor-section-boxed elementor-section-height-default elementor-section-height-default\" data-id=\"886018f\" data-element_type=\"section\" data-e-type=\"section\">\n\t\t\t\t\t\t<div class=\"elementor-container elementor-column-gap-default\">\n\t\t\t\t\t<div class=\"elementor-column elementor-col-100 elementor-top-column elementor-element elementor-element-7523ad6\" data-id=\"7523ad6\" data-element_type=\"column\" data-e-type=\"column\">\n\t\t\t<div class=\"elementor-widget-wrap elementor-element-populated\">\n\t\t\t\t\t\t<div class=\"elementor-element elementor-element-e26e1e3 elementor-widget-divider--view-line_text elementor-widget-divider--separator-type-pattern elementor-widget-divider--element-align-center elementor-widget elementor-widget-divider\" data-id=\"e26e1e3\" data-element_type=\"widget\" data-e-type=\"widget\" data-widget_type=\"divider.default\">\n\t\t\t\t\t\t\t<div class=\"elementor-divider\" style=\"--divider-pattern-url: url(&quot;data:image\/svg+xml,%3Csvg xmlns=&#039;http:\/\/www.w3.org\/2000\/svg&#039; preserveAspectRatio=&#039;none&#039; overflow=&#039;visible&#039; height=&#039;100%&#039; viewBox=&#039;0 0 24 24&#039; fill=&#039;black&#039; stroke=&#039;none&#039;%3E%3Cpath d=&#039;M12.7,2.3c-0.4-0.4-1.1-0.4-1.5,0l-8,9.1c-0.3,0.4-0.3,0.9,0,1.2l8,9.1c0.4,0.4,1.1,0.4,1.5,0l8-9.1c0.3-0.4,0.3-0.9,0-1.2L12.7,2.3z&#039;\/%3E%3C\/svg%3E&quot;);\">\n\t\t\t<span class=\"elementor-divider-separator\">\n\t\t\t\t\t\t\t<span class=\"elementor-divider__text elementor-divider__element\">\n\t\t\t\tYour Luxury Manor\t\t\t\t<\/span>\n\t\t\t\t\t\t<\/span>\n\t\t<\/div>\n\t\t\t\t\t\t<\/div>\n\t\t\t\t<div class=\"elementor-element elementor-element-0fb1eb3 elementor-widget elementor-widget-heading\" data-id=\"0fb1eb3\" data-element_type=\"widget\" data-e-type=\"widget\" data-widget_type=\"heading.default\">\n\t\t\t\t\t<h2 class=\"elementor-heading-title elementor-size-default\">Potentiel d'Investissement<\/h2>\t\t\t\t<\/div>\n\t\t\t\t<div class=\"elementor-element elementor-element-afa2808 elementor-widget elementor-widget-text-editor\" data-id=\"afa2808\" data-element_type=\"widget\" data-e-type=\"widget\" data-widget_type=\"text-editor.default\">\n\t\t\t\t\t\t\t\t\t<p><b>Opportunit\u00e9 Unique : Luxury Manor in Portugal \u2013 Un Actif Immobilier Irrempla\u00e7able<\/b> Ceci n&#8217;est pas un investissement immobilier commun ; c&#8217;est l&#8217;acquisition d&#8217;un <b>h\u00e9ritage historique portugais<\/b>, \u00e9lev\u00e9 au rang du luxe moderne. Le Pa\u00e7o da Torre, un imposant manoir seigneurial du <span class=\"math-inline\" data-math=\"\\text{XVI}^e\">XVI<\/span>\u00a0si\u00e8cle m\u00e9ticuleusement reconstruit, pr\u00e9sente une opportunit\u00e9 irr\u00e9sistible pour le client international \u00e0 la recherche d&#8217;<b>exclusivit\u00e9, de rentabilit\u00e9 et d&#8217;un refuge sans pareil<\/b>.<\/p><h3 data-path-to-node=\"2\"><strong>Potentiel d&#8217;Investissement et Exclusivit\u00e9 Inh\u00e9rente<\/strong><\/h3><p data-path-to-node=\"3\">La valeur du Pa\u00e7o r\u00e9side dans son <b>caract\u00e8re irrempla\u00e7able<\/b>. Le projet de r\u00e9habilitation a honor\u00e9 le style <b>Baroque Portugais &#8220;Ch\u00e3o&#8221;<\/b> en utilisant des mat\u00e9riaux originaux (granit massif), tout en introduisant des commodit\u00e9s de luxe (AC, design contemporain dans les 8 suites) et des am\u00e9liorations architecturales strat\u00e9giques, comme les balcons suspendus pour maximiser les <b>vues panoramiques de <span class=\"math-inline\" data-math=\"20 \\,km\">20km<\/span><\/b>. L&#8217;acheteur acquiert un bien <b>cl\u00e9 en main (<i>turn-key<\/i>)<\/b> de <span class=\"math-inline\" data-math=\"23 000 \\,m^2\">23000m2<\/span>\u00a0fortifi\u00e9s, o\u00f9 l&#8217;histoire (sentiers romains, chapelle) coexiste avec les loisirs d&#8217;\u00e9lite (piscine <i>infinity<\/i>, billard). C&#8217;est un <b>actif fini et irrempla\u00e7able<\/b>.<\/p><h3 data-path-to-node=\"4\"><strong>Retour \u00c9motionnel et Financier Imm\u00e9diat<\/strong><\/h3><p data-path-to-node=\"5\">Le Luxury Manor in Portugal offre un <b>retour \u00e9motionnel incomparable<\/b> : un sanctuaire de s\u00e9r\u00e9nit\u00e9 o\u00f9 le repos est garanti en toute saison, avec un acc\u00e8s direct \u00e0 des activit\u00e9s de bien-\u00eatre (<i>wellness<\/i>) de prestige (Ecovia du Vouga et sentiers historiques). Mais c&#8217;est, avant tout, un <b>investissement intelligent et \u00e9prouv\u00e9<\/b>. Le fait que la propri\u00e9t\u00e9 soit d\u00e9j\u00e0 <b>autoris\u00e9e et op\u00e9rationnelle<\/b> comme unit\u00e9 d&#8217;H\u00e9bergement de Luxe (Tourisme d&#8217;Habitation) d\u00e9montre un <b>potentiel de revenu imm\u00e9diat<\/b>, valid\u00e9 par une \u00e9crasante <b>note de <span class=\"math-inline\" data-math=\"9,4\/10\">9,4\/10<\/span><\/b>\u00a0par les h\u00f4tes sur Booking.com. Ce sceau d&#8217;excellence assure que vous acqu\u00e9rez une entreprise \u00e0 succ\u00e8s, offrant la flexibilit\u00e9 parfaite pour une utilisation priv\u00e9e ultra-luxueuse ou une exploitation commerciale de niche.<\/p><p data-path-to-node=\"5\"><b>Acqu\u00e9rir le Luxury Manor in Portugal, c&#8217;est investir dans un style de vie que seule l&#8217;histoire peut acheter.<\/b> C&#8217;est garantir un refuge priv\u00e9, avec un profond h\u00e9ritage culturel et toutes les commodit\u00e9s du luxe contemporain, <b>pr\u00eat \u00e0 \u00eatre appr\u00e9ci\u00e9<\/b>.<\/p>\t\t\t\t\t\t\t\t<\/div>\n\t\t\t\t\t<\/div>\n\t\t<\/div>\n\t\t\t\t\t<\/div>\n\t\t<\/section>\n\t\t\t\t<section class=\"elementor-section elementor-top-section elementor-element elementor-element-35813d82 elementor-section-boxed elementor-section-height-default elementor-section-height-default\" data-id=\"35813d82\" data-element_type=\"section\" data-e-type=\"section\">\n\t\t\t\t\t\t<div class=\"elementor-container elementor-column-gap-default\">\n\t\t\t\t\t<div class=\"elementor-column elementor-col-100 elementor-top-column elementor-element elementor-element-2c883532\" data-id=\"2c883532\" data-element_type=\"column\" data-e-type=\"column\">\n\t\t\t<div class=\"elementor-widget-wrap elementor-element-populated\">\n\t\t\t\t\t\t\t<\/div>\n\t\t<\/div>\n\t\t\t\t\t<\/div>\n\t\t<\/section>\n\t\t\t\t<section class=\"elementor-section elementor-top-section elementor-element elementor-element-7b0d07f elementor-section-boxed elementor-section-height-default elementor-section-height-default\" data-id=\"7b0d07f\" data-element_type=\"section\" data-e-type=\"section\">\n\t\t\t\t\t\t<div class=\"elementor-container elementor-column-gap-default\">\n\t\t\t\t\t<div class=\"elementor-column elementor-col-100 elementor-top-column elementor-element elementor-element-13bc3fb\" data-id=\"13bc3fb\" data-element_type=\"column\" data-e-type=\"column\" data-settings=\"{&quot;background_background&quot;:&quot;classic&quot;}\">\n\t\t\t<div class=\"elementor-widget-wrap elementor-element-populated\">\n\t\t\t\t\t\t<div class=\"elementor-element elementor-element-3aa9aea elementor-widget elementor-widget-heading\" data-id=\"3aa9aea\" data-element_type=\"widget\" data-e-type=\"widget\" data-widget_type=\"heading.default\">\n\t\t\t\t\t<p class=\"elementor-heading-title elementor-size-default\">Dossier d'Investissement<\/p>\t\t\t\t<\/div>\n\t\t\t\t<div class=\"elementor-element elementor-element-b83cbf2 elementor-widget elementor-widget-heading\" data-id=\"b83cbf2\" data-element_type=\"widget\" data-e-type=\"widget\" data-widget_type=\"heading.default\">\n\t\t\t\t\t<p class=\"elementor-heading-title elementor-size-default\">Disponible pour les investisseurs qualifi\u00e9s sous NDA.<\/p>\t\t\t\t<\/div>\n\t\t\t\t<div class=\"elementor-element elementor-element-58d627b elementor-widget elementor-widget-heading\" data-id=\"58d627b\" data-element_type=\"widget\" data-e-type=\"widget\" data-widget_type=\"heading.default\">\n\t\t\t\t\t<p class=\"elementor-heading-title elementor-size-default\"><a href=\"https:\/\/www.luxurymanorportugal.com\/fr\/dossier\/\">Demander l'Acc\u00e8s<\/a><\/p>\t\t\t\t<\/div>\n\t\t\t\t\t<\/div>\n\t\t<\/div>\n\t\t\t\t\t<\/div>\n\t\t<\/section>\n\t\t\t\t<section class=\"elementor-section elementor-top-section elementor-element elementor-element-46413a62 elementor-section-boxed elementor-section-height-default elementor-section-height-default\" data-id=\"46413a62\" data-element_type=\"section\" data-e-type=\"section\">\n\t\t\t\t\t\t<div class=\"elementor-container elementor-column-gap-default\">\n\t\t\t\t\t<div class=\"elementor-column elementor-col-100 elementor-top-column elementor-element elementor-element-2405da2f\" data-id=\"2405da2f\" data-element_type=\"column\" data-e-type=\"column\">\n\t\t\t<div class=\"elementor-widget-wrap elementor-element-populated\">\n\t\t\t\t\t\t<div class=\"elementor-element elementor-element-12b24cf9 elementor-widget elementor-widget-spacer\" data-id=\"12b24cf9\" data-element_type=\"widget\" data-e-type=\"widget\" data-widget_type=\"spacer.default\">\n\t\t\t\t\t\t\t<div class=\"elementor-spacer\">\n\t\t\t<div class=\"elementor-spacer-inner\"><\/div>\n\t\t<\/div>\n\t\t\t\t\t\t<\/div>\n\t\t\t\t\t<\/div>\n\t\t<\/div>\n\t\t\t\t\t<\/div>\n\t\t<\/section>\n\t\t\t\t<\/div>\n\t\t","protected":false},"excerpt":{"rendered":"<p>Portugal \u2022 Historic Manor \u2022 Exclusive Investissement Your Luxury Manor Potentiel d&#8217;Investissement Opportunit\u00e9 Unique : Luxury Manor in Portugal \u2013 Un Actif Immobilier Irrempla\u00e7able Ceci n&#8217;est pas un investissement immobilier commun ; c&#8217;est l&#8217;acquisition d&#8217;un h\u00e9ritage historique portugais, \u00e9lev\u00e9 au rang du luxe moderne. Le Pa\u00e7o da Torre, un imposant manoir seigneurial du XVI\u00a0si\u00e8cle m\u00e9ticuleusement [&hellip;]<\/p>\n","protected":false},"author":1,"featured_media":0,"parent":0,"menu_order":0,"comment_status":"closed","ping_status":"closed","template":"","meta":{"footnotes":""},"class_list":["post-34","page","type-page","status-publish","hentry"],"yoast_head":"<!-- This site is optimized with the Yoast SEO plugin v27.2 - https:\/\/yoast.com\/product\/yoast-seo-wordpress\/ -->\n<title>Investissement - Luxury Manor Portugal<\/title>\n<meta name=\"robots\" content=\"index, follow, max-snippet:-1, max-image-preview:large, max-video-preview:-1\" \/>\n<link rel=\"canonical\" href=\"https:\/\/luxurymanorportugal.com\/fr\/investissement\/\" \/>\n<meta property=\"og:locale\" content=\"en_US\" \/>\n<meta property=\"og:type\" content=\"article\" \/>\n<meta property=\"og:title\" content=\"Investissement - Luxury Manor Portugal\" \/>\n<meta property=\"og:description\" content=\"Portugal \u2022 Historic Manor \u2022 Exclusive Investissement Your Luxury Manor Potentiel d&#8217;Investissement Opportunit\u00e9 Unique : Luxury Manor in Portugal \u2013 Un Actif Immobilier Irrempla\u00e7able Ceci n&#8217;est pas un investissement immobilier commun ; c&#8217;est l&#8217;acquisition d&#8217;un h\u00e9ritage historique portugais, \u00e9lev\u00e9 au rang du luxe moderne. Le Pa\u00e7o da Torre, un imposant manoir seigneurial du XVI\u00a0si\u00e8cle m\u00e9ticuleusement [&hellip;]\" \/>\n<meta property=\"og:url\" content=\"https:\/\/luxurymanorportugal.com\/fr\/investissement\/\" \/>\n<meta property=\"og:site_name\" content=\"Luxury Manor Portugal\" \/>\n<meta property=\"article:modified_time\" content=\"2026-01-18T21:33:50+00:00\" \/>\n<meta property=\"og:image\" content=\"https:\/\/luxurymanorportugal.com\/fr\/wp-content\/uploads\/2025\/11\/manor.png\" \/>\n\t<meta property=\"og:image:width\" content=\"512\" \/>\n\t<meta property=\"og:image:height\" content=\"512\" \/>\n\t<meta property=\"og:image:type\" content=\"image\/png\" \/>\n<meta name=\"twitter:card\" content=\"summary_large_image\" \/>\n<meta name=\"twitter:label1\" content=\"Est. reading time\" \/>\n\t<meta name=\"twitter:data1\" content=\"2 minutes\" \/>\n<script type=\"application\/ld+json\" class=\"yoast-schema-graph\">{\"@context\":\"https:\/\/schema.org\",\"@graph\":[{\"@type\":\"WebPage\",\"@id\":\"https:\/\/luxurymanorportugal.com\/fr\/investissement\/\",\"url\":\"https:\/\/luxurymanorportugal.com\/fr\/investissement\/\",\"name\":\"Investissement - Luxury Manor Portugal\",\"isPartOf\":{\"@id\":\"https:\/\/luxurymanorportugal.com\/fr\/#website\"},\"datePublished\":\"2025-11-30T18:21:42+00:00\",\"dateModified\":\"2026-01-18T21:33:50+00:00\",\"breadcrumb\":{\"@id\":\"https:\/\/luxurymanorportugal.com\/fr\/investissement\/#breadcrumb\"},\"inLanguage\":\"en-US\",\"potentialAction\":[{\"@type\":\"ReadAction\",\"target\":[\"https:\/\/luxurymanorportugal.com\/fr\/investissement\/\"]}]},{\"@type\":\"BreadcrumbList\",\"@id\":\"https:\/\/luxurymanorportugal.com\/fr\/investissement\/#breadcrumb\",\"itemListElement\":[{\"@type\":\"ListItem\",\"position\":1,\"name\":\"Home\",\"item\":\"https:\/\/luxurymanorportugal.com\/fr\/\"},{\"@type\":\"ListItem\",\"position\":2,\"name\":\"Investissement\"}]},{\"@type\":\"WebSite\",\"@id\":\"https:\/\/luxurymanorportugal.com\/fr\/#website\",\"url\":\"https:\/\/luxurymanorportugal.com\/fr\/\",\"name\":\"Luxury Manor Portugal\",\"description\":\"Your Private Luxury Manor in Central Portugal\",\"potentialAction\":[{\"@type\":\"SearchAction\",\"target\":{\"@type\":\"EntryPoint\",\"urlTemplate\":\"https:\/\/luxurymanorportugal.com\/fr\/?s={search_term_string}\"},\"query-input\":{\"@type\":\"PropertyValueSpecification\",\"valueRequired\":true,\"valueName\":\"search_term_string\"}}],\"inLanguage\":\"en-US\"}]}<\/script>\n<!-- \/ Yoast SEO plugin. -->","yoast_head_json":{"title":"Investissement - Luxury Manor Portugal","robots":{"index":"index","follow":"follow","max-snippet":"max-snippet:-1","max-image-preview":"max-image-preview:large","max-video-preview":"max-video-preview:-1"},"canonical":"https:\/\/luxurymanorportugal.com\/fr\/investissement\/","og_locale":"en_US","og_type":"article","og_title":"Investissement - Luxury Manor Portugal","og_description":"Portugal \u2022 Historic Manor \u2022 Exclusive Investissement Your Luxury Manor Potentiel d&#8217;Investissement Opportunit\u00e9 Unique : Luxury Manor in Portugal \u2013 Un Actif Immobilier Irrempla\u00e7able Ceci n&#8217;est pas un investissement immobilier commun ; c&#8217;est l&#8217;acquisition d&#8217;un h\u00e9ritage historique portugais, \u00e9lev\u00e9 au rang du luxe moderne. Le Pa\u00e7o da Torre, un imposant manoir seigneurial du XVI\u00a0si\u00e8cle m\u00e9ticuleusement [&hellip;]","og_url":"https:\/\/luxurymanorportugal.com\/fr\/investissement\/","og_site_name":"Luxury Manor Portugal","article_modified_time":"2026-01-18T21:33:50+00:00","og_image":[{"width":512,"height":512,"url":"https:\/\/luxurymanorportugal.com\/fr\/wp-content\/uploads\/2025\/11\/manor.png","type":"image\/png"}],"twitter_card":"summary_large_image","twitter_misc":{"Est. reading time":"2 minutes"},"schema":{"@context":"https:\/\/schema.org","@graph":[{"@type":"WebPage","@id":"https:\/\/luxurymanorportugal.com\/fr\/investissement\/","url":"https:\/\/luxurymanorportugal.com\/fr\/investissement\/","name":"Investissement - Luxury Manor Portugal","isPartOf":{"@id":"https:\/\/luxurymanorportugal.com\/fr\/#website"},"datePublished":"2025-11-30T18:21:42+00:00","dateModified":"2026-01-18T21:33:50+00:00","breadcrumb":{"@id":"https:\/\/luxurymanorportugal.com\/fr\/investissement\/#breadcrumb"},"inLanguage":"en-US","potentialAction":[{"@type":"ReadAction","target":["https:\/\/luxurymanorportugal.com\/fr\/investissement\/"]}]},{"@type":"BreadcrumbList","@id":"https:\/\/luxurymanorportugal.com\/fr\/investissement\/#breadcrumb","itemListElement":[{"@type":"ListItem","position":1,"name":"Home","item":"https:\/\/luxurymanorportugal.com\/fr\/"},{"@type":"ListItem","position":2,"name":"Investissement"}]},{"@type":"WebSite","@id":"https:\/\/luxurymanorportugal.com\/fr\/#website","url":"https:\/\/luxurymanorportugal.com\/fr\/","name":"Luxury Manor Portugal","description":"Your Private Luxury Manor in Central Portugal","potentialAction":[{"@type":"SearchAction","target":{"@type":"EntryPoint","urlTemplate":"https:\/\/luxurymanorportugal.com\/fr\/?s={search_term_string}"},"query-input":{"@type":"PropertyValueSpecification","valueRequired":true,"valueName":"search_term_string"}}],"inLanguage":"en-US"}]}},"_links":{"self":[{"href":"https:\/\/luxurymanorportugal.com\/fr\/wp-json\/wp\/v2\/pages\/34","targetHints":{"allow":["GET"]}}],"collection":[{"href":"https:\/\/luxurymanorportugal.com\/fr\/wp-json\/wp\/v2\/pages"}],"about":[{"href":"https:\/\/luxurymanorportugal.com\/fr\/wp-json\/wp\/v2\/types\/page"}],"author":[{"embeddable":true,"href":"https:\/\/luxurymanorportugal.com\/fr\/wp-json\/wp\/v2\/users\/1"}],"replies":[{"embeddable":true,"href":"https:\/\/luxurymanorportugal.com\/fr\/wp-json\/wp\/v2\/comments?post=34"}],"version-history":[{"count":38,"href":"https:\/\/luxurymanorportugal.com\/fr\/wp-json\/wp\/v2\/pages\/34\/revisions"}],"predecessor-version":[{"id":411,"href":"https:\/\/luxurymanorportugal.com\/fr\/wp-json\/wp\/v2\/pages\/34\/revisions\/411"}],"wp:attachment":[{"href":"https:\/\/luxurymanorportugal.com\/fr\/wp-json\/wp\/v2\/media?parent=34"}],"curies":[{"name":"wp","href":"https:\/\/api.w.org\/{rel}","templated":true}]}}