{"id":31,"date":"2025-11-30T18:21:42","date_gmt":"2025-11-30T18:21:42","guid":{"rendered":"https:\/\/luxurymanorportugal.com\/fr\/dossier\/"},"modified":"2026-01-26T19:14:41","modified_gmt":"2026-01-26T19:14:41","slug":"dossier","status":"publish","type":"page","link":"https:\/\/luxurymanorportugal.com\/fr\/dossier\/","title":{"rendered":"Dossier"},"content":{"rendered":"\t\t<div data-elementor-type=\"wp-page\" data-elementor-id=\"31\" class=\"elementor elementor-31\" data-elementor-post-type=\"page\">\n\t\t\t\t\t\t<section class=\"elementor-section elementor-top-section elementor-element elementor-element-4784fdf1 elementor-section-content-middle elementor-section-full_width elementor-section-height-default elementor-section-height-default\" data-id=\"4784fdf1\" data-element_type=\"section\" data-e-type=\"section\" data-settings=\"{&quot;background_background&quot;:&quot;classic&quot;,&quot;animation&quot;:&quot;none&quot;}\">\n\t\t\t\t\t\t\t<div class=\"elementor-background-overlay\"><\/div>\n\t\t\t\t\t\t\t<div class=\"elementor-container elementor-column-gap-default\">\n\t\t\t\t\t<div class=\"elementor-column elementor-col-100 elementor-top-column elementor-element elementor-element-6de371e5\" data-id=\"6de371e5\" data-element_type=\"column\" data-e-type=\"column\">\n\t\t\t<div class=\"elementor-widget-wrap elementor-element-populated\">\n\t\t\t\t\t\t<div class=\"elementor-element elementor-element-e75810 elementor-widget elementor-widget-heading\" data-id=\"e75810\" data-element_type=\"widget\" data-e-type=\"widget\" data-widget_type=\"heading.default\">\n\t\t\t\t\t<p class=\"elementor-heading-title elementor-size-default\">Portugal \u2022 Historic Manor \u2022 Exclusive<\/p>\t\t\t\t<\/div>\n\t\t\t\t<div class=\"elementor-element elementor-element-79d63e67 elementor-widget elementor-widget-heading\" data-id=\"79d63e67\" data-element_type=\"widget\" data-e-type=\"widget\" data-widget_type=\"heading.default\">\n\t\t\t\t\t<h1 class=\"elementor-heading-title elementor-size-default\">PA\u00c7O DA TORRE<\/h1>\t\t\t\t<\/div>\n\t\t\t\t\t<\/div>\n\t\t<\/div>\n\t\t\t\t\t<\/div>\n\t\t<\/section>\n\t\t\t\t<section class=\"elementor-section elementor-top-section elementor-element elementor-element-b311fb5 elementor-hidden-mobile elementor-section-boxed elementor-section-height-default elementor-section-height-default\" data-id=\"b311fb5\" data-element_type=\"section\" data-e-type=\"section\">\n\t\t\t\t\t\t<div class=\"elementor-container elementor-column-gap-default\">\n\t\t\t\t\t<div class=\"elementor-column elementor-col-100 elementor-top-column elementor-element elementor-element-6a2bcc14\" data-id=\"6a2bcc14\" data-element_type=\"column\" data-e-type=\"column\">\n\t\t\t<div class=\"elementor-widget-wrap elementor-element-populated\">\n\t\t\t\t\t\t<div class=\"elementor-element elementor-element-2513bb2f elementor-widget elementor-widget-spacer\" data-id=\"2513bb2f\" data-element_type=\"widget\" data-e-type=\"widget\" data-widget_type=\"spacer.default\">\n\t\t\t\t\t\t\t<div class=\"elementor-spacer\">\n\t\t\t<div class=\"elementor-spacer-inner\"><\/div>\n\t\t<\/div>\n\t\t\t\t\t\t<\/div>\n\t\t\t\t\t<\/div>\n\t\t<\/div>\n\t\t\t\t\t<\/div>\n\t\t<\/section>\n\t\t\t\t<section class=\"elementor-section elementor-top-section elementor-element elementor-element-b1c65b8 elementor-section-boxed elementor-section-height-default elementor-section-height-default\" data-id=\"b1c65b8\" data-element_type=\"section\" data-e-type=\"section\">\n\t\t\t\t\t\t<div class=\"elementor-container elementor-column-gap-default\">\n\t\t\t\t\t<div class=\"elementor-column elementor-col-100 elementor-top-column elementor-element elementor-element-eb1a255\" data-id=\"eb1a255\" data-element_type=\"column\" data-e-type=\"column\">\n\t\t\t<div class=\"elementor-widget-wrap elementor-element-populated\">\n\t\t\t\t\t\t<div class=\"elementor-element elementor-element-910e619 elementor-widget-divider--view-line_text elementor-widget-divider--separator-type-pattern elementor-widget-divider--element-align-center elementor-widget elementor-widget-divider\" data-id=\"910e619\" data-element_type=\"widget\" data-e-type=\"widget\" data-widget_type=\"divider.default\">\n\t\t\t\t\t\t\t<div class=\"elementor-divider\" style=\"--divider-pattern-url: url(&quot;data:image\/svg+xml,%3Csvg xmlns=&#039;http:\/\/www.w3.org\/2000\/svg&#039; preserveAspectRatio=&#039;none&#039; overflow=&#039;visible&#039; height=&#039;100%&#039; viewBox=&#039;0 0 24 24&#039; fill=&#039;black&#039; stroke=&#039;none&#039;%3E%3Cpath d=&#039;M12.7,2.3c-0.4-0.4-1.1-0.4-1.5,0l-8,9.1c-0.3,0.4-0.3,0.9,0,1.2l8,9.1c0.4,0.4,1.1,0.4,1.5,0l8-9.1c0.3-0.4,0.3-0.9,0-1.2L12.7,2.3z&#039;\/%3E%3C\/svg%3E&quot;);\">\n\t\t\t<span class=\"elementor-divider-separator\">\n\t\t\t\t\t\t\t<span class=\"elementor-divider__text elementor-divider__element\">\n\t\t\t\tYour Luxury Manor\t\t\t\t<\/span>\n\t\t\t\t\t\t<\/span>\n\t\t<\/div>\n\t\t\t\t\t\t<\/div>\n\t\t\t\t<div class=\"elementor-element elementor-element-e1baedc elementor-widget elementor-widget-heading\" data-id=\"e1baedc\" data-element_type=\"widget\" data-e-type=\"widget\" data-widget_type=\"heading.default\">\n\t\t\t\t\t<h2 class=\"elementor-heading-title elementor-size-default\">Dossier<\/h2>\t\t\t\t<\/div>\n\t\t\t\t<section class=\"elementor-section elementor-inner-section elementor-element elementor-element-20d0e87 elementor-section-boxed elementor-section-height-default elementor-section-height-default\" data-id=\"20d0e87\" data-element_type=\"section\" data-e-type=\"section\">\n\t\t\t\t\t\t<div class=\"elementor-container elementor-column-gap-default\">\n\t\t\t\t\t<div class=\"elementor-column elementor-col-50 elementor-inner-column elementor-element elementor-element-adbb92d\" data-id=\"adbb92d\" data-element_type=\"column\" data-e-type=\"column\" data-settings=\"{&quot;background_background&quot;:&quot;classic&quot;}\">\n\t\t\t<div class=\"elementor-widget-wrap elementor-element-populated\">\n\t\t\t\t\t\t<div class=\"elementor-element elementor-element-630007d elementor-widget elementor-widget-heading\" data-id=\"630007d\" data-element_type=\"widget\" data-e-type=\"widget\" data-widget_type=\"heading.default\">\n\t\t\t\t\t<h3 class=\"elementor-heading-title elementor-size-default\">Vos Donn\u00e9es<\/h3>\t\t\t\t<\/div>\n\t\t\t\t<div class=\"elementor-element elementor-element-822f2e9 elementor-widget elementor-widget-text-editor\" data-id=\"822f2e9\" data-element_type=\"widget\" data-e-type=\"widget\" data-widget_type=\"text-editor.default\">\n\t\t\t\t\t\t\t\t\t<p>Merci de votre int\u00e9r\u00eat. Veuillez utiliser ce formulaire pour nous fournir les d\u00e9tails de base concernant votre demande. Nous nous engageons \u00e0 vous r\u00e9pondre dans les plus brefs d\u00e9lais afin de planifier une conversation et d&#8217;explorer comment nous pouvons collaborer.<\/p>\t\t\t\t\t\t\t\t<\/div>\n\t\t\t\t<div class=\"elementor-element elementor-element-311d67a elementor-button-align-stretch elementor-widget elementor-widget-form\" data-id=\"311d67a\" data-element_type=\"widget\" data-e-type=\"widget\" data-settings=\"{&quot;step_next_label&quot;:&quot;Next&quot;,&quot;step_previous_label&quot;:&quot;Previous&quot;,&quot;button_width&quot;:&quot;100&quot;,&quot;step_type&quot;:&quot;number_text&quot;,&quot;step_icon_shape&quot;:&quot;circle&quot;}\" data-widget_type=\"form.default\">\n\t\t\t\t\t\t\t<form class=\"elementor-form\" method=\"post\" name=\"Dossier\" aria-label=\"Dossier\">\n\t\t\t<input type=\"hidden\" name=\"post_id\" value=\"31\"\/>\n\t\t\t<input type=\"hidden\" name=\"form_id\" value=\"311d67a\"\/>\n\t\t\t<input type=\"hidden\" name=\"referer_title\" value=\"Dossier - Luxury Manor Portugal\" \/>\n\n\t\t\t\t\t\t\t<input type=\"hidden\" name=\"queried_id\" value=\"31\"\/>\n\t\t\t\n\t\t\t<div class=\"elementor-form-fields-wrapper elementor-labels-\">\n\t\t\t\t\t\t\t\t<div class=\"elementor-field-type-text elementor-field-group elementor-column elementor-field-group-name elementor-col-100\">\n\t\t\t\t\t\t\t\t\t\t\t\t<label for=\"form-field-name\" class=\"elementor-field-label elementor-screen-only\">\n\t\t\t\t\t\t\t\tNom\t\t\t\t\t\t\t<\/label>\n\t\t\t\t\t\t\t\t\t\t\t\t\t\t<input size=\"1\" type=\"text\" name=\"form_fields[name]\" id=\"form-field-name\" class=\"elementor-field elementor-size-sm  elementor-field-textual\" placeholder=\"Nom\">\n\t\t\t\t\t\t\t\t\t\t\t<\/div>\n\t\t\t\t\t\t\t\t<div class=\"elementor-field-type-text elementor-field-group elementor-column elementor-field-group-field_12f91df elementor-col-100\">\n\t\t\t\t\t\t\t\t\t\t\t\t<label for=\"form-field-field_12f91df\" class=\"elementor-field-label elementor-screen-only\">\n\t\t\t\t\t\t\t\tEntreprise\t\t\t\t\t\t\t<\/label>\n\t\t\t\t\t\t\t\t\t\t\t\t\t\t<input size=\"1\" type=\"text\" name=\"form_fields[field_12f91df]\" id=\"form-field-field_12f91df\" class=\"elementor-field elementor-size-sm  elementor-field-textual\" placeholder=\"Entreprise\">\n\t\t\t\t\t\t\t\t\t\t\t<\/div>\n\t\t\t\t\t\t\t\t<div class=\"elementor-field-type-text elementor-field-group elementor-column elementor-field-group-field_535e93f elementor-col-100\">\n\t\t\t\t\t\t\t\t\t\t\t\t<label for=\"form-field-field_535e93f\" class=\"elementor-field-label elementor-screen-only\">\n\t\t\t\t\t\t\t\tPoste dans l'entreprise\t\t\t\t\t\t\t<\/label>\n\t\t\t\t\t\t\t\t\t\t\t\t\t\t<input size=\"1\" type=\"text\" name=\"form_fields[field_535e93f]\" id=\"form-field-field_535e93f\" class=\"elementor-field elementor-size-sm  elementor-field-textual\" placeholder=\"Poste dans l&#039;entreprise\">\n\t\t\t\t\t\t\t\t\t\t\t<\/div>\n\t\t\t\t\t\t\t\t<div class=\"elementor-field-type-email elementor-field-group elementor-column elementor-field-group-email elementor-col-100 elementor-field-required\">\n\t\t\t\t\t\t\t\t\t\t\t\t<label for=\"form-field-email\" class=\"elementor-field-label elementor-screen-only\">\n\t\t\t\t\t\t\t\tEmail\t\t\t\t\t\t\t<\/label>\n\t\t\t\t\t\t\t\t\t\t\t\t\t\t<input size=\"1\" type=\"email\" name=\"form_fields[email]\" id=\"form-field-email\" class=\"elementor-field elementor-size-sm  elementor-field-textual\" placeholder=\"Email\" required=\"required\">\n\t\t\t\t\t\t\t\t\t\t\t<\/div>\n\t\t\t\t\t\t\t\t<div class=\"elementor-field-type-tel elementor-field-group elementor-column elementor-field-group-field_befad13 elementor-col-100 elementor-field-required\">\n\t\t\t\t\t\t\t\t\t\t\t\t<label for=\"form-field-field_befad13\" class=\"elementor-field-label elementor-screen-only\">\n\t\t\t\t\t\t\t\tT\u00e9l\u00e9phone\t\t\t\t\t\t\t<\/label>\n\t\t\t\t\t\t\t\t<input size=\"1\" type=\"tel\" name=\"form_fields[field_befad13]\" id=\"form-field-field_befad13\" class=\"elementor-field elementor-size-sm  elementor-field-textual\" placeholder=\"T\u00e9l\u00e9phone\" required=\"required\" pattern=\"[0-9()#&amp;+*-=.]+\" title=\"Only numbers and phone characters (#, -, *, etc) are accepted.\">\n\n\t\t\t\t\t\t<\/div>\n\t\t\t\t\t\t\t\t<div class=\"elementor-field-type-text elementor-field-group elementor-column elementor-field-group-message elementor-col-100\">\n\t\t\t\t\t\t\t\t\t\t\t\t<label for=\"form-field-message\" class=\"elementor-field-label elementor-screen-only\">\n\t\t\t\t\t\t\t\tPays\t\t\t\t\t\t\t<\/label>\n\t\t\t\t\t\t\t\t\t\t\t\t\t\t<input size=\"1\" type=\"text\" name=\"form_fields[message]\" id=\"form-field-message\" class=\"elementor-field elementor-size-sm  elementor-field-textual\" placeholder=\"Pays\">\n\t\t\t\t\t\t\t\t\t\t\t<\/div>\n\t\t\t\t\t\t\t\t<div class=\"elementor-field-type-textarea elementor-field-group elementor-column elementor-field-group-field_136317d elementor-col-100\">\n\t\t\t\t\t\t\t\t\t\t\t\t<label for=\"form-field-field_136317d\" class=\"elementor-field-label elementor-screen-only\">\n\t\t\t\t\t\t\t\tQuestions\t\t\t\t\t\t\t<\/label>\n\t\t\t\t\t\t<textarea class=\"elementor-field-textual elementor-field  elementor-size-sm\" name=\"form_fields[field_136317d]\" id=\"form-field-field_136317d\" rows=\"4\" placeholder=\"Questions\"><\/textarea>\t\t\t\t<\/div>\n\t\t\t\t\t\t\t\t<div class=\"elementor-field-type-acceptance elementor-field-group elementor-column elementor-field-group-field_a3992ef elementor-col-100\">\n\t\t\t\t\t\t\t\t\t\t\t\t<label for=\"form-field-field_a3992ef\" class=\"elementor-field-label elementor-screen-only\">\n\t\t\t\t\t\t\t\tAcceptation des contacts\t\t\t\t\t\t\t<\/label>\n\t\t\t\t\t\t\t\t<div class=\"elementor-field-subgroup\">\n\t\t\t<span class=\"elementor-field-option\">\n\t\t\t\t<input type=\"checkbox\" name=\"form_fields[field_a3992ef]\" id=\"form-field-field_a3992ef\" class=\"elementor-field elementor-size-sm  elementor-acceptance-field\">\n\t\t\t\t<label for=\"form-field-field_a3992ef\">Vous acceptez d'\u00eatre contact\u00e9 pour un suivi, une \u00e9valuation de vos besoins et la transmission d'informations pr\u00e9vente pertinentes.<\/label>\t\t\t<\/span>\n\t\t<\/div>\n\t\t\t\t\t\t<\/div>\n\t\t\t\t\t\t\t\t<div class=\"elementor-field-group elementor-column elementor-field-type-submit elementor-col-100 e-form__buttons\">\n\t\t\t\t\t<button class=\"elementor-button elementor-size-sm\" type=\"submit\">\n\t\t\t\t\t\t<span class=\"elementor-button-content-wrapper\">\n\t\t\t\t\t\t\t\t\t\t\t\t\t\t\t\t\t\t\t\t\t\t<span class=\"elementor-button-text\">Envoyer<\/span>\n\t\t\t\t\t\t\t\t\t\t\t\t\t<\/span>\n\t\t\t\t\t<\/button>\n\t\t\t\t<\/div>\n\t\t\t<\/div>\n\t\t<\/form>\n\t\t\t\t\t\t<\/div>\n\t\t\t\t\t<\/div>\n\t\t<\/div>\n\t\t\t\t<div class=\"elementor-column elementor-col-50 elementor-inner-column elementor-element elementor-element-5a80b5d\" data-id=\"5a80b5d\" data-element_type=\"column\" data-e-type=\"column\">\n\t\t\t<div class=\"elementor-widget-wrap elementor-element-populated\">\n\t\t\t\t\t\t<div class=\"elementor-element elementor-element-1fb680e elementor-widget elementor-widget-text-editor\" data-id=\"1fb680e\" data-element_type=\"widget\" data-e-type=\"widget\" data-widget_type=\"text-editor.default\">\n\t\t\t\t\t\t\t\t\t<p data-path-to-node=\"0\"><strong>Cher\/Ch\u00e8re Investisseur\/Investisseuse Qualifi\u00e9(e),<\/strong><\/p><p data-path-to-node=\"1\">Ceci est une opportunit\u00e9 qui transcende le march\u00e9 immobilier habituel au Portugal, \u00e9tant r\u00e9serv\u00e9e aux clients qui valorisent la raret\u00e9 et la profondeur historique de leurs actifs.<\/p><p data-path-to-node=\"2\">Il ne s&#8217;agit pas d&#8217;une propri\u00e9t\u00e9 ordinaire, mais plut\u00f4t d&#8217;un domaine fortifi\u00e9 de <span class=\"math-inline\" data-math=\"23 000 \\,m^2\">23000m2<\/span>\u00a0qui encapsule cinq si\u00e8cles d&#8217;histoire, depuis ses origines potentiellement romaines jusqu&#8217;\u00e0 son statut actuel de refuge ultra-luxueux.<\/p><p data-path-to-node=\"3\">Sa reconstruction en 2010 a \u00e9tabli l&#8217;\u00e9quilibre parfait, maintenant l&#8217;authenticit\u00e9 du style Baroque Portugais &#8220;Ch\u00e3o&#8221;, tout en int\u00e9grant des commodit\u00e9s premium et des am\u00e9liorations architecturales strat\u00e9giques \u2014 telles que la spectaculaire piscine \u00e0 d\u00e9bordement (<i>infinity<\/i>) et les balcons suspendus qui garantissent des vues panoramiques sur un horizon de <span class=\"math-inline\" data-math=\"20 \\,km\">20km<\/span>.<\/p><p data-path-to-node=\"4\">Acqu\u00e9rir le Pa\u00e7o, c&#8217;est s&#8217;assurer un sanctuaire de tranquillit\u00e9 absolue et d&#8217;intimit\u00e9 au c\u0153ur du Portugal, avec 10 suites, dont 8 sont autoris\u00e9es pour le Tourisme d&#8217;Habitation, de dimensions g\u00e9n\u00e9reuses et un acc\u00e8s imm\u00e9diat \u00e0 un style de vie ax\u00e9 sur le bien-\u00eatre (<i>wellness<\/i>) (Ecovia et sentiers historiques). C&#8217;est, simultan\u00e9ment, un investissement avec une valeur culturelle intrins\u00e8que et un potentiel de revenu imm\u00e9diat, \u00e9tant donn\u00e9 sa licence d&#8217;exploitation en tant qu&#8217;H\u00e9bergement de Luxe.<\/p><p data-path-to-node=\"5\">Nous vous invitons \u00e0 analyser le d\u00e9tail de cette proposition dans le document fourni. Il s&#8217;agit de votre opportunit\u00e9 de s\u00e9curiser un actif irrempla\u00e7able \u2014 un h\u00e9ritage pr\u00eat \u00e0 \u00eatre v\u00e9cu et valoris\u00e9.<\/p>\t\t\t\t\t\t\t\t<\/div>\n\t\t\t\t\t<\/div>\n\t\t<\/div>\n\t\t\t\t\t<\/div>\n\t\t<\/section>\n\t\t\t\t\t<\/div>\n\t\t<\/div>\n\t\t\t\t\t<\/div>\n\t\t<\/section>\n\t\t\t\t<\/div>\n\t\t","protected":false},"excerpt":{"rendered":"<p>Portugal \u2022 Historic Manor \u2022 Exclusive PA\u00c7O DA TORRE Your Luxury Manor Dossier Vos Donn\u00e9es Merci de votre int\u00e9r\u00eat. Veuillez utiliser ce formulaire pour nous fournir les d\u00e9tails de base concernant votre demande. Nous nous engageons \u00e0 vous r\u00e9pondre dans les plus brefs d\u00e9lais afin de planifier une conversation et d&#8217;explorer comment nous pouvons collaborer. [&hellip;]<\/p>\n","protected":false},"author":1,"featured_media":0,"parent":0,"menu_order":0,"comment_status":"closed","ping_status":"closed","template":"","meta":{"footnotes":""},"class_list":["post-31","page","type-page","status-publish","hentry"],"yoast_head":"<!-- This site is optimized with the Yoast SEO plugin v27.2 - https:\/\/yoast.com\/product\/yoast-seo-wordpress\/ -->\n<title>Dossier - Luxury Manor Portugal<\/title>\n<meta name=\"robots\" content=\"index, follow, max-snippet:-1, max-image-preview:large, max-video-preview:-1\" \/>\n<link rel=\"canonical\" href=\"https:\/\/luxurymanorportugal.com\/fr\/dossier\/\" \/>\n<meta property=\"og:locale\" content=\"en_US\" \/>\n<meta property=\"og:type\" content=\"article\" \/>\n<meta property=\"og:title\" content=\"Dossier - Luxury Manor Portugal\" \/>\n<meta property=\"og:description\" content=\"Portugal \u2022 Historic Manor \u2022 Exclusive PA\u00c7O DA TORRE Your Luxury Manor Dossier Vos Donn\u00e9es Merci de votre int\u00e9r\u00eat. Veuillez utiliser ce formulaire pour nous fournir les d\u00e9tails de base concernant votre demande. Nous nous engageons \u00e0 vous r\u00e9pondre dans les plus brefs d\u00e9lais afin de planifier une conversation et d&#8217;explorer comment nous pouvons collaborer. [&hellip;]\" \/>\n<meta property=\"og:url\" content=\"https:\/\/luxurymanorportugal.com\/fr\/dossier\/\" \/>\n<meta property=\"og:site_name\" content=\"Luxury Manor Portugal\" \/>\n<meta property=\"article:modified_time\" content=\"2026-01-26T19:14:41+00:00\" \/>\n<meta property=\"og:image\" content=\"https:\/\/luxurymanorportugal.com\/fr\/wp-content\/uploads\/2025\/11\/manor.png\" \/>\n\t<meta property=\"og:image:width\" content=\"512\" \/>\n\t<meta property=\"og:image:height\" content=\"512\" \/>\n\t<meta property=\"og:image:type\" content=\"image\/png\" \/>\n<meta name=\"twitter:card\" content=\"summary_large_image\" \/>\n<meta name=\"twitter:label1\" content=\"Est. reading time\" \/>\n\t<meta name=\"twitter:data1\" content=\"2 minutes\" \/>\n<script type=\"application\/ld+json\" class=\"yoast-schema-graph\">{\"@context\":\"https:\/\/schema.org\",\"@graph\":[{\"@type\":\"WebPage\",\"@id\":\"https:\/\/luxurymanorportugal.com\/fr\/dossier\/\",\"url\":\"https:\/\/luxurymanorportugal.com\/fr\/dossier\/\",\"name\":\"Dossier - Luxury Manor Portugal\",\"isPartOf\":{\"@id\":\"https:\/\/luxurymanorportugal.com\/fr\/#website\"},\"datePublished\":\"2025-11-30T18:21:42+00:00\",\"dateModified\":\"2026-01-26T19:14:41+00:00\",\"breadcrumb\":{\"@id\":\"https:\/\/luxurymanorportugal.com\/fr\/dossier\/#breadcrumb\"},\"inLanguage\":\"en-US\",\"potentialAction\":[{\"@type\":\"ReadAction\",\"target\":[\"https:\/\/luxurymanorportugal.com\/fr\/dossier\/\"]}]},{\"@type\":\"BreadcrumbList\",\"@id\":\"https:\/\/luxurymanorportugal.com\/fr\/dossier\/#breadcrumb\",\"itemListElement\":[{\"@type\":\"ListItem\",\"position\":1,\"name\":\"Home\",\"item\":\"https:\/\/luxurymanorportugal.com\/fr\/\"},{\"@type\":\"ListItem\",\"position\":2,\"name\":\"Dossier\"}]},{\"@type\":\"WebSite\",\"@id\":\"https:\/\/luxurymanorportugal.com\/fr\/#website\",\"url\":\"https:\/\/luxurymanorportugal.com\/fr\/\",\"name\":\"Luxury Manor Portugal\",\"description\":\"Your Private Luxury Manor in Central Portugal\",\"potentialAction\":[{\"@type\":\"SearchAction\",\"target\":{\"@type\":\"EntryPoint\",\"urlTemplate\":\"https:\/\/luxurymanorportugal.com\/fr\/?s={search_term_string}\"},\"query-input\":{\"@type\":\"PropertyValueSpecification\",\"valueRequired\":true,\"valueName\":\"search_term_string\"}}],\"inLanguage\":\"en-US\"}]}<\/script>\n<!-- \/ Yoast SEO plugin. -->","yoast_head_json":{"title":"Dossier - Luxury Manor Portugal","robots":{"index":"index","follow":"follow","max-snippet":"max-snippet:-1","max-image-preview":"max-image-preview:large","max-video-preview":"max-video-preview:-1"},"canonical":"https:\/\/luxurymanorportugal.com\/fr\/dossier\/","og_locale":"en_US","og_type":"article","og_title":"Dossier - Luxury Manor Portugal","og_description":"Portugal \u2022 Historic Manor \u2022 Exclusive PA\u00c7O DA TORRE Your Luxury Manor Dossier Vos Donn\u00e9es Merci de votre int\u00e9r\u00eat. Veuillez utiliser ce formulaire pour nous fournir les d\u00e9tails de base concernant votre demande. Nous nous engageons \u00e0 vous r\u00e9pondre dans les plus brefs d\u00e9lais afin de planifier une conversation et d&#8217;explorer comment nous pouvons collaborer. [&hellip;]","og_url":"https:\/\/luxurymanorportugal.com\/fr\/dossier\/","og_site_name":"Luxury Manor Portugal","article_modified_time":"2026-01-26T19:14:41+00:00","og_image":[{"width":512,"height":512,"url":"https:\/\/luxurymanorportugal.com\/fr\/wp-content\/uploads\/2025\/11\/manor.png","type":"image\/png"}],"twitter_card":"summary_large_image","twitter_misc":{"Est. reading time":"2 minutes"},"schema":{"@context":"https:\/\/schema.org","@graph":[{"@type":"WebPage","@id":"https:\/\/luxurymanorportugal.com\/fr\/dossier\/","url":"https:\/\/luxurymanorportugal.com\/fr\/dossier\/","name":"Dossier - Luxury Manor Portugal","isPartOf":{"@id":"https:\/\/luxurymanorportugal.com\/fr\/#website"},"datePublished":"2025-11-30T18:21:42+00:00","dateModified":"2026-01-26T19:14:41+00:00","breadcrumb":{"@id":"https:\/\/luxurymanorportugal.com\/fr\/dossier\/#breadcrumb"},"inLanguage":"en-US","potentialAction":[{"@type":"ReadAction","target":["https:\/\/luxurymanorportugal.com\/fr\/dossier\/"]}]},{"@type":"BreadcrumbList","@id":"https:\/\/luxurymanorportugal.com\/fr\/dossier\/#breadcrumb","itemListElement":[{"@type":"ListItem","position":1,"name":"Home","item":"https:\/\/luxurymanorportugal.com\/fr\/"},{"@type":"ListItem","position":2,"name":"Dossier"}]},{"@type":"WebSite","@id":"https:\/\/luxurymanorportugal.com\/fr\/#website","url":"https:\/\/luxurymanorportugal.com\/fr\/","name":"Luxury Manor Portugal","description":"Your Private Luxury Manor in Central Portugal","potentialAction":[{"@type":"SearchAction","target":{"@type":"EntryPoint","urlTemplate":"https:\/\/luxurymanorportugal.com\/fr\/?s={search_term_string}"},"query-input":{"@type":"PropertyValueSpecification","valueRequired":true,"valueName":"search_term_string"}}],"inLanguage":"en-US"}]}},"_links":{"self":[{"href":"https:\/\/luxurymanorportugal.com\/fr\/wp-json\/wp\/v2\/pages\/31","targetHints":{"allow":["GET"]}}],"collection":[{"href":"https:\/\/luxurymanorportugal.com\/fr\/wp-json\/wp\/v2\/pages"}],"about":[{"href":"https:\/\/luxurymanorportugal.com\/fr\/wp-json\/wp\/v2\/types\/page"}],"author":[{"embeddable":true,"href":"https:\/\/luxurymanorportugal.com\/fr\/wp-json\/wp\/v2\/users\/1"}],"replies":[{"embeddable":true,"href":"https:\/\/luxurymanorportugal.com\/fr\/wp-json\/wp\/v2\/comments?post=31"}],"version-history":[{"count":31,"href":"https:\/\/luxurymanorportugal.com\/fr\/wp-json\/wp\/v2\/pages\/31\/revisions"}],"predecessor-version":[{"id":424,"href":"https:\/\/luxurymanorportugal.com\/fr\/wp-json\/wp\/v2\/pages\/31\/revisions\/424"}],"wp:attachment":[{"href":"https:\/\/luxurymanorportugal.com\/fr\/wp-json\/wp\/v2\/media?parent=31"}],"curies":[{"name":"wp","href":"https:\/\/api.w.org\/{rel}","templated":true}]}}